{"id":17949,"date":"2025-02-05T02:13:59","date_gmt":"2025-02-05T02:13:59","guid":{"rendered":"https:\/\/eresex.com\/?post_type=product&#038;p=17949"},"modified":"2026-01-11T10:51:31","modified_gmt":"2026-01-11T18:51:31","slug":"eresexplus-pack-20-units-celeste","status":"publish","type":"product","link":"https:\/\/eresex.com\/es\/products\/eresexplus-pack-20-units-celeste\/","title":{"rendered":"EresexPlus &#8211; Pack 20 Units Celeste"},"content":{"rendered":"<p>[et_pb_section fb_built=&#8221;1&#8243; _builder_version=&#8221;4.16&#8243; custom_padding=&#8221;0px||||false|false&#8221; global_colors_info=&#8221;{}&#8221;][et_pb_row _builder_version=&#8221;4.16&#8243; background_size=&#8221;initial&#8221; background_position=&#8221;top_left&#8221; background_repeat=&#8221;repeat&#8221; width=&#8221;100%&#8221; custom_padding=&#8221;0px||0px||false|false&#8221; global_colors_info=&#8221;{}&#8221;][et_pb_column type=&#8221;4_4&#8243; _builder_version=&#8221;4.16&#8243; custom_padding=&#8221;|||&#8221; global_colors_info=&#8221;{}&#8221; custom_padding__hover=&#8221;|||&#8221;][et_pb_wc_breadcrumb _builder_version=&#8221;4.16&#8243; global_colors_info=&#8221;{}&#8221;][\/et_pb_wc_breadcrumb][et_pb_wc_cart_notice _builder_version=&#8221;4.27.4&#8243; custom_button=&#8221;on&#8221; button_text_color=&#8221;#FFFFFF&#8221; button_bg_color=&#8221;#36457f&#8221; global_colors_info=&#8221;{}&#8221;][\/et_pb_wc_cart_notice][\/et_pb_column][\/et_pb_row][et_pb_row column_structure=&#8221;1_2,1_2&#8243; _builder_version=&#8221;4.16&#8243; background_size=&#8221;initial&#8221; background_position=&#8221;top_left&#8221; background_repeat=&#8221;repeat&#8221; width=&#8221;100%&#8221; custom_padding=&#8221;0px||||false|false&#8221; global_colors_info=&#8221;{}&#8221;][et_pb_column type=&#8221;1_2&#8243; _builder_version=&#8221;4.16&#8243; custom_padding=&#8221;|||&#8221; global_colors_info=&#8221;{}&#8221; custom_padding__hover=&#8221;|||&#8221;][et_pb_wc_images _builder_version=&#8221;4.27.4&#8243; global_colors_info=&#8221;{}&#8221;][\/et_pb_wc_images][\/et_pb_column][et_pb_column type=&#8221;1_2&#8243; _builder_version=&#8221;4.16&#8243; custom_padding=&#8221;|||&#8221; global_colors_info=&#8221;{}&#8221; custom_padding__hover=&#8221;|||&#8221;][et_pb_wc_title _builder_version=&#8221;4.27.4&#8243; header_font=&#8221;Actor||||||||&#8221; global_colors_info=&#8221;{}&#8221;][\/et_pb_wc_title][et_pb_text _builder_version=&#8221;4.27.4&#8243; _module_preset=&#8221;default&#8221; header_4_font=&#8221;Actor||||||||&#8221; global_colors_info=&#8221;{}&#8221;]<\/p>\n<h4>The pack contains 20 sachets with two capsules each.<br \/>You pay for a total of 40 capsules.<\/h4>\n<p>[\/et_pb_text][et_pb_wc_rating _builder_version=&#8221;4.16&#8243; global_colors_info=&#8221;{}&#8221;][\/et_pb_wc_rating][et_pb_wc_price _builder_version=&#8221;4.16&#8243; global_colors_info=&#8221;{}&#8221;][\/et_pb_wc_price][et_pb_wc_description _builder_version=&#8221;4.27.4&#8243; body_font=&#8221;Actor||||||||&#8221; global_colors_info=&#8221;{}&#8221;][\/et_pb_wc_description][et_pb_wc_add_to_cart _builder_version=&#8221;4.27.4&#8243; field_label_font=&#8221;Actor|700|||||||&#8221; fields_font=&#8221;Actor|700|||||||&#8221; fields_font_size=&#8221;18px&#8221; custom_button=&#8221;on&#8221; button_bg_color=&#8221;#55b70b&#8221; button_border_color=&#8221;#FFFFFF&#8221; button_font=&#8221;Actor||||||||&#8221; global_colors_info=&#8221;{}&#8221;][\/et_pb_wc_add_to_cart][et_pb_wc_meta _builder_version=&#8221;4.27.4&#8243; body_font=&#8221;Actor||||||||&#8221; global_colors_info=&#8221;{}&#8221;][\/et_pb_wc_meta][et_pb_text _builder_version=&#8221;4.27.4&#8243; _module_preset=&#8221;default&#8221; header_4_font=&#8221;Actor||||||||&#8221; header_4_font_size=&#8221;16px&#8221; global_colors_info=&#8221;{}&#8221;]<\/p>\n<h4>Get back in the game with&#8230;<\/h4>\n<h4>ERESEX PLUS<\/h4>\n<h4>IMMEDIATELY BOOST SEXUAL\/VITAL ENERGY!<br \/>AS FAST AS IN THE START&#8230;<br \/>LONGER-LASTING ACTION OF UP TO 3 DAYS!<\/h4>\n<h4>Eresex Plus regulates the thalamus (pituitary gland), the brain region responsible for regulating sexual behavior.<\/h4>\n<h4>Eresex Plus allows you to be erect, increases penis size, and prevents premature ejaculation.<\/h4>\n<p>[\/et_pb_text][\/et_pb_column][\/et_pb_row][et_pb_row column_structure=&#8221;1_2,1_2&#8243; _builder_version=&#8221;4.27.4&#8243; _module_preset=&#8221;default&#8221; global_colors_info=&#8221;{}&#8221;][et_pb_column type=&#8221;1_2&#8243; _builder_version=&#8221;4.27.4&#8243; _module_preset=&#8221;default&#8221; global_colors_info=&#8221;{}&#8221;][et_pb_text _builder_version=&#8221;4.27.4&#8243; _module_preset=&#8221;default&#8221; header_4_font=&#8221;Oswald||||||||&#8221; global_colors_info=&#8221;{}&#8221;]<\/p>\n<h4>Prices in US dollars include shipping within the United States.<\/h4>\n<h4>If you require shipping outside the United States, please contact <span style=\"color: #3366ff;\"><a href=\"mailto:cadizdistributor@gmail.com\" style=\"color: #3366ff;\">cadizdistributor@gmail.com<\/a><\/span><\/h4>\n<h4>For any questions, please contact us at our WhatsApp number:<\/h4>\n<h4><img loading=\"lazy\" decoding=\"async\" src=\"https:\/\/eresex.com\/wp-content\/uploads\/2025\/03\/whatsapp.jpg\" width=\"18\" height=\"18\" alt=\"\" class=\"wp-image-18159 alignnone size-full\" srcset=\"https:\/\/eresex.com\/wp-content\/uploads\/2025\/03\/whatsapp.jpg 31w, https:\/\/eresex.com\/wp-content\/uploads\/2025\/03\/whatsapp-12x12.jpg 12w\" sizes=\"(max-width: 18px) 100vw, 18px\" \/>\u00a0 <a href=\"https:\/\/wa.me\/+14157489539?text=Greetings,%20%20I'd like %20to learn %20more %20%20about ERESEX.\">01 (415) 748-9539<\/a><\/h4>\n<p>[\/et_pb_text][\/et_pb_column][et_pb_column type=&#8221;1_2&#8243; _builder_version=&#8221;4.27.4&#8243; _module_preset=&#8221;default&#8221; global_colors_info=&#8221;{}&#8221;][et_pb_text _builder_version=&#8221;4.27.4&#8243; _module_preset=&#8221;default&#8221; header_4_font=&#8221;Oswald||||||||&#8221; global_colors_info=&#8221;{}&#8221;]<\/p>\n<h4>We accept all major credit cards and PayPal.<\/h4>\n<p>[\/et_pb_text][et_pb_image src=&#8221;https:\/\/eresex.com\/wp-content\/uploads\/2025\/03\/logos_pagos_visa_mastercard_paypal.jpg&#8221; title_text=&#8221;logos_pagos_visa_mastercard_paypal&#8221; _builder_version=&#8221;4.27.4&#8243; _module_preset=&#8221;default&#8221; global_colors_info=&#8221;{}&#8221;][\/et_pb_image][\/et_pb_column][\/et_pb_row][et_pb_row column_structure=&#8221;1_2,1_2&#8243; _builder_version=&#8221;4.27.4&#8243; _module_preset=&#8221;default&#8221; locked=&#8221;off&#8221; global_colors_info=&#8221;{}&#8221;][et_pb_column type=&#8221;1_2&#8243; _builder_version=&#8221;4.27.4&#8243; _module_preset=&#8221;default&#8221; global_colors_info=&#8221;{}&#8221;][et_pb_image src=&#8221;https:\/\/eresex.com\/wp-content\/uploads\/2025\/04\/usps.png&#8221; title_text=&#8221;usps&#8221; _builder_version=&#8221;4.27.4&#8243; _module_preset=&#8221;default&#8221; global_colors_info=&#8221;{}&#8221;][\/et_pb_image][\/et_pb_column][et_pb_column type=&#8221;1_2&#8243; _builder_version=&#8221;4.27.4&#8243; _module_preset=&#8221;default&#8221; global_colors_info=&#8221;{}&#8221;][et_pb_text _builder_version=&#8221;4.27.4&#8243; _module_preset=&#8221;default&#8221; header_2_font=&#8221;Oswald||||||||&#8221; custom_margin=&#8221;||-7px|||&#8221; custom_padding=&#8221;26px|||||&#8221; global_colors_info=&#8221;{}&#8221;]<\/p>\n<h2><span style=\"color: #ff0000;\">Discreet Shipping<br \/><\/span><br \/>Depending on what you purchase, our shipments will arrive discreetly via the United States Postal Service to the address of your choice.<\/h2>\n<h2>For any questions, please contact us at our WhatsApp number:<\/h2>\n<h2><img loading=\"lazy\" decoding=\"async\" src=\"https:\/\/eresex.com\/wp-content\/uploads\/2025\/03\/whatsapp.jpg\" width=\"18\" height=\"18\" alt=\"\" class=\"wp-image-18159 alignnone size-full\" srcset=\"https:\/\/eresex.com\/wp-content\/uploads\/2025\/03\/whatsapp.jpg 31w, https:\/\/eresex.com\/wp-content\/uploads\/2025\/03\/whatsapp-12x12.jpg 12w\" sizes=\"(max-width: 18px) 100vw, 18px\" \/>\u00a0<span>\u00a0<\/span><a href=\"https:\/\/wa.me\/+14157489539?text=Greetings,%20%20I%27d%20like%20%20to%20learn%20%20more%20%20%20about%20ERESEX.\">01 (415) 748-9539<\/a><\/h2>\n<p>[\/et_pb_text][\/et_pb_column][\/et_pb_row][et_pb_row _builder_version=&#8221;4.16&#8243; background_size=&#8221;initial&#8221; background_position=&#8221;top_left&#8221; background_repeat=&#8221;repeat&#8221; width=&#8221;100%&#8221; global_colors_info=&#8221;{}&#8221;][et_pb_column type=&#8221;4_4&#8243; _builder_version=&#8221;4.16&#8243; custom_padding=&#8221;|||&#8221; global_colors_info=&#8221;{}&#8221; custom_padding__hover=&#8221;|||&#8221;][et_pb_wc_tabs _builder_version=&#8221;4.16&#8243; global_colors_info=&#8221;{}&#8221;]\t\t\t\t\t[\/et_pb_wc_tabs][et_pb_wc_upsells _builder_version=&#8221;4.16&#8243; global_colors_info=&#8221;{}&#8221;][\/et_pb_wc_upsells][et_pb_wc_related_products _builder_version=&#8221;4.27.4&#8243; title_font=&#8221;Actor||||||||&#8221; product_title_font=&#8221;Actor||||||||&#8221; price_font=&#8221;Actor|700|||||||&#8221; price_font_size=&#8221;19px&#8221; global_colors_info=&#8221;{}&#8221;][\/et_pb_wc_related_products][\/et_pb_column][\/et_pb_row][\/et_pb_section][et_pb_section fb_built=&#8221;1&#8243; admin_label=&#8221;Footer&#8221; _builder_version=&#8221;4.16&#8243; locked=&#8221;off&#8221; global_colors_info=&#8221;{}&#8221;][et_pb_row column_structure=&#8221;1_3,1_3,1_3&#8243; _builder_version=&#8221;4.16&#8243; global_colors_info=&#8221;{}&#8221;][et_pb_column type=&#8221;1_3&#8243; _builder_version=&#8221;4.16&#8243; global_colors_info=&#8221;{}&#8221;][et_pb_image src=&#8221;https:\/\/eresex.com\/wp-content\/uploads\/2024\/05\/logo_eresex_01.png&#8221; title_text=&#8221;logo_eresex_01&#8243; _builder_version=&#8221;4.27.4&#8243; _module_preset=&#8221;default&#8221; global_colors_info=&#8221;{}&#8221;][\/et_pb_image][\/et_pb_column][et_pb_column type=&#8221;1_3&#8243; _builder_version=&#8221;4.16&#8243; global_colors_info=&#8221;{}&#8221;][et_pb_text _builder_version=&#8221;4.27.4&#8243; text_font=&#8221;Montserrat||||||||&#8221; text_font_size=&#8221;16px&#8221; text_line_height=&#8221;1.8em&#8221; header_4_font=&#8221;Montserrat|500|||||||&#8221; header_4_font_size=&#8221;12px&#8221; header_4_line_height=&#8221;1.8em&#8221; text_font_size_tablet=&#8221;15px&#8221; text_font_size_phone=&#8221;14px&#8221; text_font_size_last_edited=&#8221;on|phone&#8221; locked=&#8221;off&#8221; global_colors_info=&#8221;{}&#8221;]<\/p>\n<h4>Contact Info<\/h4>\n<h4><span style=\"color: #000000;\"><img loading=\"lazy\" decoding=\"async\" src=\"https:\/\/eresex.com\/wp-content\/uploads\/2025\/02\/Telefono.png\" width=\"18\" height=\"17\" alt=\"\" class=\"wp-image-17997 alignnone size-full\" srcset=\"https:\/\/eresex.com\/wp-content\/uploads\/2025\/02\/Telefono.png 18w, https:\/\/eresex.com\/wp-content\/uploads\/2025\/02\/Telefono-13x12.png 13w\" sizes=\"(max-width: 18px) 100vw, 18px\" \/> (415) 748-9539\u00a0 <img loading=\"lazy\" decoding=\"async\" src=\"https:\/\/eresex.com\/wp-content\/uploads\/2025\/02\/Telefono.png\" width=\"18\" height=\"17\" alt=\"\" class=\"wp-image-17997 alignnone size-full\" srcset=\"https:\/\/eresex.com\/wp-content\/uploads\/2025\/02\/Telefono.png 18w, https:\/\/eresex.com\/wp-content\/uploads\/2025\/02\/Telefono-13x12.png 13w\" sizes=\"(max-width: 18px) 100vw, 18px\" \/> \u00a0(559) 360-6754<\/span><br \/><span style=\"color: #000000;\"><img loading=\"lazy\" decoding=\"async\" src=\"https:\/\/eresex.com\/wp-content\/uploads\/2025\/02\/Telefono.png\" width=\"18\" height=\"17\" alt=\"\" class=\"wp-image-17997 alignnone size-full\" srcset=\"https:\/\/eresex.com\/wp-content\/uploads\/2025\/02\/Telefono.png 18w, https:\/\/eresex.com\/wp-content\/uploads\/2025\/02\/Telefono-13x12.png 13w\" sizes=\"(max-width: 18px) 100vw, 18px\" \/>\u00a0 (818) 481-8537\u00a0 <img loading=\"lazy\" decoding=\"async\" src=\"https:\/\/eresex.com\/wp-content\/uploads\/2025\/02\/Correo.png\" width=\"18\" height=\"17\" alt=\"\" class=\"wp-image-17998 alignnone size-full\" srcset=\"https:\/\/eresex.com\/wp-content\/uploads\/2025\/02\/Correo.png 18w, https:\/\/eresex.com\/wp-content\/uploads\/2025\/02\/Correo-13x12.png 13w\" sizes=\"(max-width: 18px) 100vw, 18px\" \/> <a href=\"mailto:info@eresex.com\" style=\"color: #000000;\">info@eresex.com<\/a><\/span><\/h4>\n<h4><span style=\"color: #000000;\">Cadiz Distributor Inc., Los Angeles, CA 91367, USA<\/span><\/h4>\n<p>[\/et_pb_text][\/et_pb_column][et_pb_column type=&#8221;1_3&#8243; _builder_version=&#8221;4.16&#8243; global_colors_info=&#8221;{}&#8221;][et_pb_text _builder_version=&#8221;4.27.4&#8243; header_4_font=&#8221;Montserrat|500|||||||&#8221; header_4_font_size=&#8221;14px&#8221; header_4_line_height=&#8221;1.8em&#8221; custom_margin=&#8221;||0px||false|false&#8221; locked=&#8221;off&#8221; global_colors_info=&#8221;{}&#8221;]<\/p>\n<h4>Follow On<\/h4>\n<p>[\/et_pb_text][et_pb_social_media_follow use_icon_font_size=&#8221;on&#8221; icon_font_size=&#8221;12px&#8221; _builder_version=&#8221;4.27.4&#8243; _module_preset=&#8221;default&#8221; custom_button=&#8221;on&#8221; text_orientation=&#8221;left&#8221; global_colors_info=&#8221;{}&#8221;][et_pb_social_media_follow_network social_network=&#8221;facebook&#8221; _builder_version=&#8221;4.27.4&#8243; _module_preset=&#8221;default&#8221; background_color=&#8221;#3b5998&#8243; global_colors_info=&#8221;{}&#8221; follow_button=&#8221;off&#8221; url_new_window=&#8221;on&#8221;]facebook[\/et_pb_social_media_follow_network][et_pb_social_media_follow_network social_network=&#8221;instagram&#8221; _builder_version=&#8221;4.27.4&#8243; _module_preset=&#8221;default&#8221; background_color=&#8221;#ea2c59&#8243; global_colors_info=&#8221;{}&#8221; follow_button=&#8221;off&#8221; url_new_window=&#8221;on&#8221;]instagram[\/et_pb_social_media_follow_network][\/et_pb_social_media_follow][\/et_pb_column][\/et_pb_row][\/et_pb_section]<\/p>\n","protected":false},"excerpt":{"rendered":"<p>ERESEX IS THE NEW FORMULA<br \/>\nFOR SEXUAL POWER!<\/p>\n<p>Descubre este m\u00e9todo 100% natural que favorece la producci\u00f3n de factores hormonales que act\u00faan de forma natural en el organismo para aumentar el deseo y el placer.<\/p>\n<div class=\"info_envio\">\n<p>&#8211; Includes shipping to anywhere within the USA.<br \/>\n&#8211; Delivery time: 03 to 05 days.<br \/>\n&#8211; Coordinate major shipments via email: eresexplus@gmail.com<\/p>\n<\/div>","protected":false},"featured_media":18201,"template":"","meta":{"_et_pb_use_builder":"on","_et_pb_old_content":"","_et_gb_content_width":"","inline_featured_image":false},"product_brand":[],"product_cat":[15],"product_tag":[],"class_list":{"0":"post-17949","1":"product","2":"type-product","3":"status-publish","4":"has-post-thumbnail","6":"product_cat-eresex-plus","8":"first","9":"instock","10":"shipping-taxable","11":"purchasable","12":"product-type-simple"},"_links":{"self":[{"href":"https:\/\/eresex.com\/es\/wp-json\/wp\/v2\/product\/17949","targetHints":{"allow":["GET"]}}],"collection":[{"href":"https:\/\/eresex.com\/es\/wp-json\/wp\/v2\/product"}],"about":[{"href":"https:\/\/eresex.com\/es\/wp-json\/wp\/v2\/types\/product"}],"wp:featuredmedia":[{"embeddable":true,"href":"https:\/\/eresex.com\/es\/wp-json\/wp\/v2\/media\/18201"}],"wp:attachment":[{"href":"https:\/\/eresex.com\/es\/wp-json\/wp\/v2\/media?parent=17949"}],"wp:term":[{"taxonomy":"product_brand","embeddable":true,"href":"https:\/\/eresex.com\/es\/wp-json\/wp\/v2\/product_brand?post=17949"},{"taxonomy":"product_cat","embeddable":true,"href":"https:\/\/eresex.com\/es\/wp-json\/wp\/v2\/product_cat?post=17949"},{"taxonomy":"product_tag","embeddable":true,"href":"https:\/\/eresex.com\/es\/wp-json\/wp\/v2\/product_tag?post=17949"}],"curies":[{"name":"wp","href":"https:\/\/api.w.org\/{rel}","templated":true}]}}